{"id":4787,"date":"2021-10-25T16:42:56","date_gmt":"2021-10-25T16:42:56","guid":{"rendered":"https:\/\/brazil2export.com\/?page_id=4787"},"modified":"2022-08-17T11:03:10","modified_gmt":"2022-08-17T11:03:10","slug":"b2e-affiliates","status":"publish","type":"page","link":"https:\/\/brazil2export.com\/pt\/b2e-affiliates\/","title":{"rendered":"AFILIADOS B2E"},"content":{"rendered":"<div data-elementor-type=\"wp-page\" data-elementor-id=\"4787\" class=\"elementor elementor-4787\">\n\t\t\t\t\t\t<section class=\"elementor-section elementor-top-section elementor-element elementor-element-4ed609c elementor-section-height-min-height elementor-section-stretched elementor-section-boxed elementor-section-height-default elementor-section-items-middle\" data-id=\"4ed609c\" data-element_type=\"section\" data-e-type=\"section\" data-settings=\"{&quot;stretch_section&quot;:&quot;section-stretched&quot;,&quot;background_background&quot;:&quot;video&quot;,&quot;background_video_link&quot;:&quot;https:\\\/\\\/brazil2export.com\\\/wp-content\\\/uploads\\\/2021\\\/10\\\/white_background_2.mp4&quot;,&quot;background_play_on_mobile&quot;:&quot;yes&quot;}\">\n\t\t\t\t\t\t\t\t<div class=\"elementor-background-video-container\">\n\t\t\t\t\t\t\t\t\t\t\t\t\t<video class=\"elementor-background-video-hosted\" role=\"presentation\" autoplay muted playsinline loop><\/video>\n\t\t\t\t\t\t\t\t\t\t\t<\/div>\n\t\t\t\t\t\t\t\t\t<div class=\"elementor-background-overlay\"><\/div>\n\t\t\t\t\t\t\t<div class=\"elementor-container elementor-column-gap-default\">\n\t\t\t\t\t<div class=\"elementor-column elementor-col-100 elementor-top-column elementor-element elementor-element-11f1563\" data-id=\"11f1563\" data-element_type=\"column\" data-e-type=\"column\">\n\t\t\t<div class=\"elementor-widget-wrap elementor-element-populated\">\n\t\t\t\t\t\t<div class=\"elementor-element elementor-element-e698921 elementor-widget elementor-widget-spacer\" data-id=\"e698921\" data-element_type=\"widget\" data-e-type=\"widget\" data-widget_type=\"spacer.default\">\n\t\t\t\t<div class=\"elementor-widget-container\">\n\t\t\t\t\t\t\t<div class=\"elementor-spacer\">\n\t\t\t<div class=\"elementor-spacer-inner\"><\/div>\n\t\t<\/div>\n\t\t\t\t\t\t<\/div>\n\t\t\t\t<\/div>\n\t\t\t\t<div class=\"elementor-element elementor-element-aa50187 elementor-invisible elementor-widget elementor-widget-heading\" data-id=\"aa50187\" data-element_type=\"widget\" data-e-type=\"widget\" data-settings=\"{&quot;_animation&quot;:&quot;fadeInUp&quot;}\" data-widget_type=\"heading.default\">\n\t\t\t\t<div class=\"elementor-widget-container\">\n\t\t\t\t\t<h2 class=\"elementor-heading-title elementor-size-default\">AFILIADOS GRUPO B2E<\/h2>\t\t\t\t<\/div>\n\t\t\t\t<\/div>\n\t\t\t\t<div class=\"elementor-element elementor-element-9ebede9 elementor-widget-divider--view-line elementor-invisible elementor-widget elementor-widget-divider\" data-id=\"9ebede9\" data-element_type=\"widget\" data-e-type=\"widget\" data-settings=\"{&quot;_animation&quot;:&quot;fadeInUp&quot;,&quot;_animation_delay&quot;:100}\" data-widget_type=\"divider.default\">\n\t\t\t\t<div class=\"elementor-widget-container\">\n\t\t\t\t\t\t\t<div class=\"elementor-divider\">\n\t\t\t<span class=\"elementor-divider-separator\">\n\t\t\t\t\t\t<\/span>\n\t\t<\/div>\n\t\t\t\t\t\t<\/div>\n\t\t\t\t<\/div>\n\t\t\t\t<div class=\"elementor-element elementor-element-a8abbf3 elementor-invisible elementor-widget elementor-widget-text-editor\" data-id=\"a8abbf3\" data-element_type=\"widget\" data-e-type=\"widget\" data-settings=\"{&quot;_animation&quot;:&quot;fadeInUp&quot;}\" data-widget_type=\"text-editor.default\">\n\t\t\t\t<div class=\"elementor-widget-container translation-block\">O <strong>Grupo de Empresas B2E<\/strong> possui subsidi\u00e1rias na <strong>Espanha<\/strong> e na <strong>Mal\u00e1sia<\/strong> que atualmente atuam como escrit\u00f3rios de distribui\u00e7\u00e3o para os mercados <strong>europeu<\/strong> e <strong>asi\u00e1tico<\/strong>.<\/div>\n\t\t\t\t<\/div>\n\t\t\t\t<div class=\"elementor-element elementor-element-52b5c76 elementor-widget elementor-widget-spacer\" data-id=\"52b5c76\" data-element_type=\"widget\" data-e-type=\"widget\" data-widget_type=\"spacer.default\">\n\t\t\t\t<div class=\"elementor-widget-container\">\n\t\t\t\t\t\t\t<div class=\"elementor-spacer\">\n\t\t\t<div class=\"elementor-spacer-inner\"><\/div>\n\t\t<\/div>\n\t\t\t\t\t\t<\/div>\n\t\t\t\t<\/div>\n\t\t\t\t<section class=\"elementor-section elementor-inner-section elementor-element elementor-element-2a98b91 elementor-section-boxed elementor-section-height-default elementor-section-height-default\" data-id=\"2a98b91\" data-element_type=\"section\" data-e-type=\"section\">\n\t\t\t\t\t\t<div class=\"elementor-container elementor-column-gap-default\">\n\t\t\t\t\t<div class=\"elementor-column elementor-col-20 elementor-inner-column elementor-element elementor-element-c871901\" data-id=\"c871901\" data-element_type=\"column\" data-e-type=\"column\">\n\t\t\t<div class=\"elementor-widget-wrap\">\n\t\t\t\t\t\t\t<\/div>\n\t\t<\/div>\n\t\t\t\t<div class=\"elementor-column elementor-col-20 elementor-inner-column elementor-element elementor-element-6de5c8b elementor-invisible\" data-id=\"6de5c8b\" data-element_type=\"column\" data-e-type=\"column\" data-settings=\"{&quot;background_background&quot;:&quot;classic&quot;,&quot;animation&quot;:&quot;fadeIn&quot;,&quot;animation_delay&quot;:300}\">\n\t\t\t<div class=\"elementor-widget-wrap elementor-element-populated\">\n\t\t\t\t\t\t<div class=\"elementor-element elementor-element-21801b9 elementor-widget elementor-widget-spacer\" data-id=\"21801b9\" data-element_type=\"widget\" data-e-type=\"widget\" data-widget_type=\"spacer.default\">\n\t\t\t\t<div class=\"elementor-widget-container\">\n\t\t\t\t\t\t\t<div class=\"elementor-spacer\">\n\t\t\t<div class=\"elementor-spacer-inner\"><\/div>\n\t\t<\/div>\n\t\t\t\t\t\t<\/div>\n\t\t\t\t<\/div>\n\t\t\t\t<div class=\"elementor-element elementor-element-b47eb48 elementor-widget elementor-widget-image\" data-id=\"b47eb48\" data-element_type=\"widget\" data-e-type=\"widget\" data-widget_type=\"image.default\">\n\t\t\t\t<div class=\"elementor-widget-container\">\n\t\t\t\t\t\t\t\t\t\t\t\t\t\t\t<img fetchpriority=\"high\" decoding=\"async\" width=\"512\" height=\"451\" src=\"https:\/\/brazil2export.com\/wp-content\/uploads\/2020\/01\/B2E-affiliates-02.jpg\" class=\"attachment-large size-large wp-image-186\" alt=\"Brazil 2 Export Logo\" srcset=\"https:\/\/brazil2export.com\/wp-content\/uploads\/2020\/01\/B2E-affiliates-02.jpg 512w, https:\/\/brazil2export.com\/wp-content\/uploads\/2020\/01\/B2E-affiliates-02-300x264.jpg 300w\" sizes=\"(max-width: 512px) 100vw, 512px\" \/>\t\t\t\t\t\t\t\t\t\t\t\t\t\t\t<\/div>\n\t\t\t\t<\/div>\n\t\t\t\t<div class=\"elementor-element elementor-element-aca67d2 elementor-widget elementor-widget-heading\" data-id=\"aca67d2\" data-element_type=\"widget\" data-e-type=\"widget\" data-widget_type=\"heading.default\">\n\t\t\t\t<div class=\"elementor-widget-container\">\n\t\t\t\t\t<h2 class=\"elementor-heading-title elementor-size-default\">GRUPO B2E IND\u00daSTRIA E COM\u00c9RCIO<\/h2>\t\t\t\t<\/div>\n\t\t\t\t<\/div>\n\t\t\t\t<div class=\"elementor-element elementor-element-c20ad1b elementor-widget elementor-widget-text-editor\" data-id=\"c20ad1b\" data-element_type=\"widget\" data-e-type=\"widget\" data-widget_type=\"text-editor.default\">\n\t\t\t\t<div class=\"elementor-widget-container\">\n\t\t\t\t\t\t\t\t\tAvenida Jo\u00e3o Paulo Ablas, 1400 &#8211; Galp\u00e3o 04\n<br>\nJardim da Gl\u00f3ria, Cotia &#8211; S\u00e3o Paulo &#8211; Brazil\t\t\t\t\t\t\t\t<\/div>\n\t\t\t\t<\/div>\n\t\t\t\t<div class=\"elementor-element elementor-element-77ff080 elementor-widget elementor-widget-image\" data-id=\"77ff080\" data-element_type=\"widget\" data-e-type=\"widget\" data-widget_type=\"image.default\">\n\t\t\t\t<div class=\"elementor-widget-container\">\n\t\t\t\t\t\t\t\t\t\t\t\t\t\t\t<img decoding=\"async\" width=\"1024\" height=\"717\" src=\"https:\/\/brazil2export.com\/wp-content\/uploads\/2021\/10\/1200px-Flag_of_Brazil.svg-1024x717.png\" class=\"attachment-large size-large wp-image-4940\" alt=\"\" srcset=\"https:\/\/brazil2export.com\/wp-content\/uploads\/2021\/10\/1200px-Flag_of_Brazil.svg-1024x717.png 1024w, https:\/\/brazil2export.com\/wp-content\/uploads\/2021\/10\/1200px-Flag_of_Brazil.svg-300x210.png 300w, https:\/\/brazil2export.com\/wp-content\/uploads\/2021\/10\/1200px-Flag_of_Brazil.svg-768x537.png 768w, https:\/\/brazil2export.com\/wp-content\/uploads\/2021\/10\/1200px-Flag_of_Brazil.svg-18x12.png 18w, https:\/\/brazil2export.com\/wp-content\/uploads\/2021\/10\/1200px-Flag_of_Brazil.svg.png 1029w\" sizes=\"(max-width: 1024px) 100vw, 1024px\" \/>\t\t\t\t\t\t\t\t\t\t\t\t\t\t\t<\/div>\n\t\t\t\t<\/div>\n\t\t\t\t<div class=\"elementor-element elementor-element-4437ff0 elementor-widget elementor-widget-spacer\" data-id=\"4437ff0\" data-element_type=\"widget\" data-e-type=\"widget\" data-widget_type=\"spacer.default\">\n\t\t\t\t<div class=\"elementor-widget-container\">\n\t\t\t\t\t\t\t<div class=\"elementor-spacer\">\n\t\t\t<div class=\"elementor-spacer-inner\"><\/div>\n\t\t<\/div>\n\t\t\t\t\t\t<\/div>\n\t\t\t\t<\/div>\n\t\t\t\t\t<\/div>\n\t\t<\/div>\n\t\t\t\t<div class=\"elementor-column elementor-col-20 elementor-inner-column elementor-element elementor-element-09178c9\" data-id=\"09178c9\" data-element_type=\"column\" data-e-type=\"column\">\n\t\t\t<div class=\"elementor-widget-wrap elementor-element-populated\">\n\t\t\t\t\t\t<div class=\"elementor-element elementor-element-ece3bab elementor-hidden-desktop elementor-hidden-tablet elementor-widget elementor-widget-spacer\" data-id=\"ece3bab\" data-element_type=\"widget\" data-e-type=\"widget\" data-widget_type=\"spacer.default\">\n\t\t\t\t<div class=\"elementor-widget-container\">\n\t\t\t\t\t\t\t<div class=\"elementor-spacer\">\n\t\t\t<div class=\"elementor-spacer-inner\"><\/div>\n\t\t<\/div>\n\t\t\t\t\t\t<\/div>\n\t\t\t\t<\/div>\n\t\t\t\t\t<\/div>\n\t\t<\/div>\n\t\t\t\t<div class=\"elementor-column elementor-col-20 elementor-inner-column elementor-element elementor-element-189ac60 elementor-invisible\" data-id=\"189ac60\" data-element_type=\"column\" data-e-type=\"column\" data-settings=\"{&quot;background_background&quot;:&quot;classic&quot;,&quot;animation&quot;:&quot;fadeIn&quot;,&quot;animation_delay&quot;:300}\">\n\t\t\t<div class=\"elementor-widget-wrap elementor-element-populated\">\n\t\t\t\t\t\t<div class=\"elementor-element elementor-element-bd0ce1d elementor-widget elementor-widget-spacer\" data-id=\"bd0ce1d\" data-element_type=\"widget\" data-e-type=\"widget\" data-widget_type=\"spacer.default\">\n\t\t\t\t<div class=\"elementor-widget-container\">\n\t\t\t\t\t\t\t<div class=\"elementor-spacer\">\n\t\t\t<div class=\"elementor-spacer-inner\"><\/div>\n\t\t<\/div>\n\t\t\t\t\t\t<\/div>\n\t\t\t\t<\/div>\n\t\t\t\t<div class=\"elementor-element elementor-element-c00b0dc elementor-widget elementor-widget-image\" data-id=\"c00b0dc\" data-element_type=\"widget\" data-e-type=\"widget\" data-widget_type=\"image.default\">\n\t\t\t\t<div class=\"elementor-widget-container\">\n\t\t\t\t\t\t\t\t\t\t\t\t\t\t\t<img decoding=\"async\" width=\"512\" height=\"451\" src=\"https:\/\/brazil2export.com\/wp-content\/uploads\/2020\/01\/B2E-affiliates-03.jpg\" class=\"attachment-large size-large wp-image-190\" alt=\"Affliates of Brazil2Export In Europe\" srcset=\"https:\/\/brazil2export.com\/wp-content\/uploads\/2020\/01\/B2E-affiliates-03.jpg 512w, https:\/\/brazil2export.com\/wp-content\/uploads\/2020\/01\/B2E-affiliates-03-300x264.jpg 300w\" sizes=\"(max-width: 512px) 100vw, 512px\" \/>\t\t\t\t\t\t\t\t\t\t\t\t\t\t\t<\/div>\n\t\t\t\t<\/div>\n\t\t\t\t<div class=\"elementor-element elementor-element-025d28a elementor-widget elementor-widget-heading\" data-id=\"025d28a\" data-element_type=\"widget\" data-e-type=\"widget\" data-widget_type=\"heading.default\">\n\t\t\t\t<div class=\"elementor-widget-container\">\n\t\t\t\t\t<h2 class=\"elementor-heading-title elementor-size-default\">BRAZIL2EXPORT EUROPE S.L.<\/h2>\t\t\t\t<\/div>\n\t\t\t\t<\/div>\n\t\t\t\t<div class=\"elementor-element elementor-element-53e0df2 elementor-widget elementor-widget-text-editor\" data-id=\"53e0df2\" data-element_type=\"widget\" data-e-type=\"widget\" data-widget_type=\"text-editor.default\">\n\t\t\t\t<div class=\"elementor-widget-container\">\n\t\t\t\t\t\t\t\t\tCalle San Bernardo, 5 &#8211; Tienda 17\n<br>\nMadrid 28013 &#8211; Spain\t\t\t\t\t\t\t\t<\/div>\n\t\t\t\t<\/div>\n\t\t\t\t<div class=\"elementor-element elementor-element-d5fefff elementor-widget elementor-widget-image\" data-id=\"d5fefff\" data-element_type=\"widget\" data-e-type=\"widget\" data-widget_type=\"image.default\">\n\t\t\t\t<div class=\"elementor-widget-container\">\n\t\t\t\t\t\t\t\t\t\t\t\t\t\t\t<img loading=\"lazy\" decoding=\"async\" width=\"1024\" height=\"717\" src=\"https:\/\/brazil2export.com\/wp-content\/uploads\/2021\/10\/2560px-Flag_of_Spain.svg-1024x717.png\" class=\"attachment-large size-large wp-image-4941\" alt=\"\" srcset=\"https:\/\/brazil2export.com\/wp-content\/uploads\/2021\/10\/2560px-Flag_of_Spain.svg-1024x717.png 1024w, https:\/\/brazil2export.com\/wp-content\/uploads\/2021\/10\/2560px-Flag_of_Spain.svg-300x210.png 300w, https:\/\/brazil2export.com\/wp-content\/uploads\/2021\/10\/2560px-Flag_of_Spain.svg-768x538.png 768w, https:\/\/brazil2export.com\/wp-content\/uploads\/2021\/10\/2560px-Flag_of_Spain.svg-18x12.png 18w, https:\/\/brazil2export.com\/wp-content\/uploads\/2021\/10\/2560px-Flag_of_Spain.svg.png 1028w\" sizes=\"(max-width: 1024px) 100vw, 1024px\" \/>\t\t\t\t\t\t\t\t\t\t\t\t\t\t\t<\/div>\n\t\t\t\t<\/div>\n\t\t\t\t<div class=\"elementor-element elementor-element-b564d8b elementor-widget elementor-widget-spacer\" data-id=\"b564d8b\" data-element_type=\"widget\" data-e-type=\"widget\" data-widget_type=\"spacer.default\">\n\t\t\t\t<div class=\"elementor-widget-container\">\n\t\t\t\t\t\t\t<div class=\"elementor-spacer\">\n\t\t\t<div class=\"elementor-spacer-inner\"><\/div>\n\t\t<\/div>\n\t\t\t\t\t\t<\/div>\n\t\t\t\t<\/div>\n\t\t\t\t\t<\/div>\n\t\t<\/div>\n\t\t\t\t<div class=\"elementor-column elementor-col-20 elementor-inner-column elementor-element elementor-element-f613706\" data-id=\"f613706\" data-element_type=\"column\" data-e-type=\"column\">\n\t\t\t<div class=\"elementor-widget-wrap\">\n\t\t\t\t\t\t\t<\/div>\n\t\t<\/div>\n\t\t\t\t\t<\/div>\n\t\t<\/section>\n\t\t\t\t<section class=\"elementor-section elementor-inner-section elementor-element elementor-element-731124a elementor-section-boxed elementor-section-height-default elementor-section-height-default\" data-id=\"731124a\" data-element_type=\"section\" data-e-type=\"section\">\n\t\t\t\t\t\t<div class=\"elementor-container elementor-column-gap-default\">\n\t\t\t\t\t<div class=\"elementor-column elementor-col-20 elementor-inner-column elementor-element elementor-element-0d8a40c\" data-id=\"0d8a40c\" data-element_type=\"column\" data-e-type=\"column\">\n\t\t\t<div class=\"elementor-widget-wrap\">\n\t\t\t\t\t\t\t<\/div>\n\t\t<\/div>\n\t\t\t\t<div class=\"elementor-column elementor-col-20 elementor-inner-column elementor-element elementor-element-8a48bfe elementor-invisible\" data-id=\"8a48bfe\" data-element_type=\"column\" data-e-type=\"column\" data-settings=\"{&quot;background_background&quot;:&quot;classic&quot;,&quot;animation&quot;:&quot;fadeIn&quot;,&quot;animation_delay&quot;:300}\">\n\t\t\t<div class=\"elementor-widget-wrap elementor-element-populated\">\n\t\t\t\t\t\t<div class=\"elementor-element elementor-element-6ef688f elementor-widget elementor-widget-spacer\" data-id=\"6ef688f\" data-element_type=\"widget\" data-e-type=\"widget\" data-widget_type=\"spacer.default\">\n\t\t\t\t<div class=\"elementor-widget-container\">\n\t\t\t\t\t\t\t<div class=\"elementor-spacer\">\n\t\t\t<div class=\"elementor-spacer-inner\"><\/div>\n\t\t<\/div>\n\t\t\t\t\t\t<\/div>\n\t\t\t\t<\/div>\n\t\t\t\t<div class=\"elementor-element elementor-element-711449d elementor-widget elementor-widget-image\" data-id=\"711449d\" data-element_type=\"widget\" data-e-type=\"widget\" data-widget_type=\"image.default\">\n\t\t\t\t<div class=\"elementor-widget-container\">\n\t\t\t\t\t\t\t\t\t\t\t\t\t\t\t<img loading=\"lazy\" decoding=\"async\" width=\"512\" height=\"451\" src=\"https:\/\/brazil2export.com\/wp-content\/uploads\/2020\/01\/B2E-affiliates-04.jpg\" class=\"attachment-large size-large wp-image-191\" alt=\"Affliates of Brazil2Export In Malaysia\" srcset=\"https:\/\/brazil2export.com\/wp-content\/uploads\/2020\/01\/B2E-affiliates-04.jpg 512w, https:\/\/brazil2export.com\/wp-content\/uploads\/2020\/01\/B2E-affiliates-04-300x264.jpg 300w\" sizes=\"(max-width: 512px) 100vw, 512px\" \/>\t\t\t\t\t\t\t\t\t\t\t\t\t\t\t<\/div>\n\t\t\t\t<\/div>\n\t\t\t\t<div class=\"elementor-element elementor-element-c2de766 elementor-widget elementor-widget-heading\" data-id=\"c2de766\" data-element_type=\"widget\" data-e-type=\"widget\" data-widget_type=\"heading.default\">\n\t\t\t\t<div class=\"elementor-widget-container\">\n\t\t\t\t\t<h2 class=\"elementor-heading-title elementor-size-default\">B2E COSMETICS FAR EAST SDN BHD<\/h2>\t\t\t\t<\/div>\n\t\t\t\t<\/div>\n\t\t\t\t<div class=\"elementor-element elementor-element-35f8c57 elementor-widget elementor-widget-text-editor\" data-id=\"35f8c57\" data-element_type=\"widget\" data-e-type=\"widget\" data-widget_type=\"text-editor.default\">\n\t\t\t\t<div class=\"elementor-widget-container\">\n\t\t\t\t\t\t\t\t\tS-15-6 Wisma YNH, No. 8 Jalan Kiara\n<br>\n50480 Kuala Lumpur &#8211; Malaysia\t\t\t\t\t\t\t\t<\/div>\n\t\t\t\t<\/div>\n\t\t\t\t<div class=\"elementor-element elementor-element-4ea5e40 elementor-widget elementor-widget-image\" data-id=\"4ea5e40\" data-element_type=\"widget\" data-e-type=\"widget\" data-widget_type=\"image.default\">\n\t\t\t\t<div class=\"elementor-widget-container\">\n\t\t\t\t\t\t\t\t\t\t\t\t\t\t\t<img loading=\"lazy\" decoding=\"async\" width=\"1024\" height=\"717\" src=\"https:\/\/brazil2export.com\/wp-content\/uploads\/2021\/10\/1200px-Flag_of_Malaysia-1024x717.png\" class=\"attachment-large size-large wp-image-4943\" alt=\"\" srcset=\"https:\/\/brazil2export.com\/wp-content\/uploads\/2021\/10\/1200px-Flag_of_Malaysia-1024x717.png 1024w, https:\/\/brazil2export.com\/wp-content\/uploads\/2021\/10\/1200px-Flag_of_Malaysia-300x210.png 300w, https:\/\/brazil2export.com\/wp-content\/uploads\/2021\/10\/1200px-Flag_of_Malaysia-768x538.png 768w, https:\/\/brazil2export.com\/wp-content\/uploads\/2021\/10\/1200px-Flag_of_Malaysia-18x12.png 18w, https:\/\/brazil2export.com\/wp-content\/uploads\/2021\/10\/1200px-Flag_of_Malaysia.png 1028w\" sizes=\"(max-width: 1024px) 100vw, 1024px\" \/>\t\t\t\t\t\t\t\t\t\t\t\t\t\t\t<\/div>\n\t\t\t\t<\/div>\n\t\t\t\t<div class=\"elementor-element elementor-element-f917273 elementor-widget elementor-widget-spacer\" data-id=\"f917273\" data-element_type=\"widget\" data-e-type=\"widget\" data-widget_type=\"spacer.default\">\n\t\t\t\t<div class=\"elementor-widget-container\">\n\t\t\t\t\t\t\t<div class=\"elementor-spacer\">\n\t\t\t<div class=\"elementor-spacer-inner\"><\/div>\n\t\t<\/div>\n\t\t\t\t\t\t<\/div>\n\t\t\t\t<\/div>\n\t\t\t\t\t<\/div>\n\t\t<\/div>\n\t\t\t\t<div class=\"elementor-column elementor-col-20 elementor-inner-column elementor-element elementor-element-f5817ee\" data-id=\"f5817ee\" data-element_type=\"column\" data-e-type=\"column\">\n\t\t\t<div class=\"elementor-widget-wrap elementor-element-populated\">\n\t\t\t\t\t\t<div class=\"elementor-element elementor-element-81e61dd elementor-hidden-desktop elementor-hidden-tablet elementor-widget elementor-widget-spacer\" data-id=\"81e61dd\" data-element_type=\"widget\" data-e-type=\"widget\" data-widget_type=\"spacer.default\">\n\t\t\t\t<div class=\"elementor-widget-container\">\n\t\t\t\t\t\t\t<div class=\"elementor-spacer\">\n\t\t\t<div class=\"elementor-spacer-inner\"><\/div>\n\t\t<\/div>\n\t\t\t\t\t\t<\/div>\n\t\t\t\t<\/div>\n\t\t\t\t\t<\/div>\n\t\t<\/div>\n\t\t\t\t<div class=\"elementor-column elementor-col-20 elementor-inner-column elementor-element elementor-element-080082e elementor-invisible\" data-id=\"080082e\" data-element_type=\"column\" data-e-type=\"column\" data-settings=\"{&quot;background_background&quot;:&quot;classic&quot;,&quot;animation&quot;:&quot;fadeIn&quot;,&quot;animation_delay&quot;:300}\">\n\t\t\t<div class=\"elementor-widget-wrap elementor-element-populated\">\n\t\t\t\t\t\t<div class=\"elementor-element elementor-element-09d5d8a elementor-widget elementor-widget-spacer\" data-id=\"09d5d8a\" data-element_type=\"widget\" data-e-type=\"widget\" data-widget_type=\"spacer.default\">\n\t\t\t\t<div class=\"elementor-widget-container\">\n\t\t\t\t\t\t\t<div class=\"elementor-spacer\">\n\t\t\t<div class=\"elementor-spacer-inner\"><\/div>\n\t\t<\/div>\n\t\t\t\t\t\t<\/div>\n\t\t\t\t<\/div>\n\t\t\t\t<div class=\"elementor-element elementor-element-80249ac elementor-widget elementor-widget-image\" data-id=\"80249ac\" data-element_type=\"widget\" data-e-type=\"widget\" data-widget_type=\"image.default\">\n\t\t\t\t<div class=\"elementor-widget-container\">\n\t\t\t\t\t\t\t\t\t\t\t\t\t\t\t<img loading=\"lazy\" decoding=\"async\" width=\"512\" height=\"451\" src=\"https:\/\/brazil2export.com\/wp-content\/uploads\/2020\/01\/B2E-affiliates-05.jpg\" class=\"attachment-large size-large wp-image-192\" alt=\"Affliates of Brazil2Export\" srcset=\"https:\/\/brazil2export.com\/wp-content\/uploads\/2020\/01\/B2E-affiliates-05.jpg 512w, https:\/\/brazil2export.com\/wp-content\/uploads\/2020\/01\/B2E-affiliates-05-300x264.jpg 300w\" sizes=\"(max-width: 512px) 100vw, 512px\" \/>\t\t\t\t\t\t\t\t\t\t\t\t\t\t\t<\/div>\n\t\t\t\t<\/div>\n\t\t\t\t<div class=\"elementor-element elementor-element-a9ca6bf elementor-widget elementor-widget-heading\" data-id=\"a9ca6bf\" data-element_type=\"widget\" data-e-type=\"widget\" data-widget_type=\"heading.default\">\n\t\t\t\t<div class=\"elementor-widget-container\">\n\t\t\t\t\t<h2 class=\"elementor-heading-title elementor-size-default\">B2E TRADING IMPORT &amp; EXPORT LTDA<\/h2>\t\t\t\t<\/div>\n\t\t\t\t<\/div>\n\t\t\t\t<div class=\"elementor-element elementor-element-202d303 elementor-widget elementor-widget-text-editor\" data-id=\"202d303\" data-element_type=\"widget\" data-e-type=\"widget\" data-widget_type=\"text-editor.default\">\n\t\t\t\t<div class=\"elementor-widget-container\">\n\t\t\t\t\t\t\t\t\tAvenida Jo\u00e3o Paulo Ablas, 1400 &#8211; Galp\u00e3o 04\n<br>\nJardim da Gl\u00f3ria, Cotia &#8211; S\u00e3o Paulo &#8211; Brazil\t\t\t\t\t\t\t\t<\/div>\n\t\t\t\t<\/div>\n\t\t\t\t<div class=\"elementor-element elementor-element-7969ce5 elementor-widget elementor-widget-image\" data-id=\"7969ce5\" data-element_type=\"widget\" data-e-type=\"widget\" data-widget_type=\"image.default\">\n\t\t\t\t<div class=\"elementor-widget-container\">\n\t\t\t\t\t\t\t\t\t\t\t\t\t\t\t<img decoding=\"async\" width=\"1024\" height=\"717\" src=\"https:\/\/brazil2export.com\/wp-content\/uploads\/2021\/10\/1200px-Flag_of_Brazil.svg-1024x717.png\" class=\"attachment-large size-large wp-image-4940\" alt=\"\" srcset=\"https:\/\/brazil2export.com\/wp-content\/uploads\/2021\/10\/1200px-Flag_of_Brazil.svg-1024x717.png 1024w, https:\/\/brazil2export.com\/wp-content\/uploads\/2021\/10\/1200px-Flag_of_Brazil.svg-300x210.png 300w, https:\/\/brazil2export.com\/wp-content\/uploads\/2021\/10\/1200px-Flag_of_Brazil.svg-768x537.png 768w, https:\/\/brazil2export.com\/wp-content\/uploads\/2021\/10\/1200px-Flag_of_Brazil.svg-18x12.png 18w, https:\/\/brazil2export.com\/wp-content\/uploads\/2021\/10\/1200px-Flag_of_Brazil.svg.png 1029w\" sizes=\"(max-width: 1024px) 100vw, 1024px\" \/>\t\t\t\t\t\t\t\t\t\t\t\t\t\t\t<\/div>\n\t\t\t\t<\/div>\n\t\t\t\t<div class=\"elementor-element elementor-element-9eddaed elementor-widget elementor-widget-spacer\" data-id=\"9eddaed\" data-element_type=\"widget\" data-e-type=\"widget\" data-widget_type=\"spacer.default\">\n\t\t\t\t<div class=\"elementor-widget-container\">\n\t\t\t\t\t\t\t<div class=\"elementor-spacer\">\n\t\t\t<div class=\"elementor-spacer-inner\"><\/div>\n\t\t<\/div>\n\t\t\t\t\t\t<\/div>\n\t\t\t\t<\/div>\n\t\t\t\t\t<\/div>\n\t\t<\/div>\n\t\t\t\t<div class=\"elementor-column elementor-col-20 elementor-inner-column elementor-element elementor-element-96b35ed\" data-id=\"96b35ed\" data-element_type=\"column\" data-e-type=\"column\">\n\t\t\t<div class=\"elementor-widget-wrap\">\n\t\t\t\t\t\t\t<\/div>\n\t\t<\/div>\n\t\t\t\t\t<\/div>\n\t\t<\/section>\n\t\t\t\t<div class=\"elementor-element elementor-element-bc17f43 elementor-widget elementor-widget-spacer\" data-id=\"bc17f43\" data-element_type=\"widget\" data-e-type=\"widget\" data-widget_type=\"spacer.default\">\n\t\t\t\t<div class=\"elementor-widget-container\">\n\t\t\t\t\t\t\t<div class=\"elementor-spacer\">\n\t\t\t<div class=\"elementor-spacer-inner\"><\/div>\n\t\t<\/div>\n\t\t\t\t\t\t<\/div>\n\t\t\t\t<\/div>\n\t\t\t\t\t<\/div>\n\t\t<\/div>\n\t\t\t\t\t<\/div>\n\t\t<\/section>\n\t\t\t\t<\/div>","protected":false},"excerpt":{"rendered":"<p>B2E GROUP AFFILIATE The B2E Group of Companies owns subsidiaries in Spain and Malaysia that currently serve as distribution offices for European and Asian markets GRUPO B2E IND\u00daSTRIA E COM\u00c9RCIO Avenida Jo\u00e3o Paulo Ablas, 1400 &#8211; Galp\u00e3o 04 Jardim da Gl\u00f3ria, Cotia &#8211; S\u00e3o Paulo &#8211; Brazil BRAZIL2EXPORT EUROPE S.L. Calle San Bernardo, 5 &#8211; [&hellip;]<\/p>\n","protected":false},"author":1,"featured_media":1110,"parent":0,"menu_order":0,"comment_status":"closed","ping_status":"closed","template":"","meta":{"footnotes":""},"class_list":["post-4787","page","type-page","status-publish","has-post-thumbnail","hentry"],"amp_enabled":true,"_links":{"self":[{"href":"https:\/\/brazil2export.com\/pt\/wp-json\/wp\/v2\/pages\/4787","targetHints":{"allow":["GET"]}}],"collection":[{"href":"https:\/\/brazil2export.com\/pt\/wp-json\/wp\/v2\/pages"}],"about":[{"href":"https:\/\/brazil2export.com\/pt\/wp-json\/wp\/v2\/types\/page"}],"author":[{"embeddable":true,"href":"https:\/\/brazil2export.com\/pt\/wp-json\/wp\/v2\/users\/1"}],"replies":[{"embeddable":true,"href":"https:\/\/brazil2export.com\/pt\/wp-json\/wp\/v2\/comments?post=4787"}],"version-history":[{"count":74,"href":"https:\/\/brazil2export.com\/pt\/wp-json\/wp\/v2\/pages\/4787\/revisions"}],"predecessor-version":[{"id":7635,"href":"https:\/\/brazil2export.com\/pt\/wp-json\/wp\/v2\/pages\/4787\/revisions\/7635"}],"wp:featuredmedia":[{"embeddable":true,"href":"https:\/\/brazil2export.com\/pt\/wp-json\/wp\/v2\/media\/1110"}],"wp:attachment":[{"href":"https:\/\/brazil2export.com\/pt\/wp-json\/wp\/v2\/media?parent=4787"}],"curies":[{"name":"wp","href":"https:\/\/api.w.org\/{rel}","templated":true}]}}