{"id":3981,"date":"2021-10-06T13:40:54","date_gmt":"2021-10-06T13:40:54","guid":{"rendered":"https:\/\/brazil2export.com\/?page_id=3981"},"modified":"2022-08-17T11:02:12","modified_gmt":"2022-08-17T11:02:12","slug":"meet-the-team","status":"publish","type":"page","link":"https:\/\/brazil2export.com\/pt\/meet-the-team\/","title":{"rendered":"CONHE\u00c7A O TIME"},"content":{"rendered":"<div data-elementor-type=\"wp-page\" data-elementor-id=\"3981\" class=\"elementor elementor-3981\">\n\t\t\t\t\t\t<section class=\"elementor-section elementor-top-section elementor-element elementor-element-396137b elementor-section-stretched elementor-section-boxed elementor-section-height-default elementor-section-height-default elementor-invisible\" data-id=\"396137b\" data-element_type=\"section\" data-e-type=\"section\" data-settings=\"{&quot;animation&quot;:&quot;fadeIn&quot;,&quot;stretch_section&quot;:&quot;section-stretched&quot;,&quot;background_background&quot;:&quot;classic&quot;}\">\n\t\t\t\t\t\t<div class=\"elementor-container elementor-column-gap-default\">\n\t\t\t\t\t<div class=\"elementor-column elementor-col-100 elementor-top-column elementor-element elementor-element-42aee7d\" data-id=\"42aee7d\" data-element_type=\"column\" data-e-type=\"column\">\n\t\t\t<div class=\"elementor-widget-wrap elementor-element-populated\">\n\t\t\t\t\t\t<div class=\"elementor-element elementor-element-a2d72e6 elementor-widget elementor-widget-spacer\" data-id=\"a2d72e6\" data-element_type=\"widget\" data-e-type=\"widget\" data-widget_type=\"spacer.default\">\n\t\t\t\t<div class=\"elementor-widget-container\">\n\t\t\t\t\t\t\t<div class=\"elementor-spacer\">\n\t\t\t<div class=\"elementor-spacer-inner\"><\/div>\n\t\t<\/div>\n\t\t\t\t\t\t<\/div>\n\t\t\t\t<\/div>\n\t\t\t\t<div class=\"elementor-element elementor-element-8e87c83 elementor-widget elementor-widget-heading\" data-id=\"8e87c83\" data-element_type=\"widget\" data-e-type=\"widget\" data-widget_type=\"heading.default\">\n\t\t\t\t<div class=\"elementor-widget-container\">\n\t\t\t\t\t<h2 class=\"elementor-heading-title elementor-size-default\">S\u00d3CIOS ADMINISTRADORES<\/h2>\t\t\t\t<\/div>\n\t\t\t\t<\/div>\n\t\t\t\t<div class=\"elementor-element elementor-element-f6229f2 elementor-widget-divider--view-line_icon elementor-view-default elementor-widget-divider--element-align-center elementor-widget elementor-widget-divider\" data-id=\"f6229f2\" data-element_type=\"widget\" data-e-type=\"widget\" data-widget_type=\"divider.default\">\n\t\t\t\t<div class=\"elementor-widget-container\">\n\t\t\t\t\t\t\t<div class=\"elementor-divider\">\n\t\t\t<span class=\"elementor-divider-separator\">\n\t\t\t\t\t\t\t<div class=\"elementor-icon elementor-divider__element\">\n\t\t\t\t\t<i aria-hidden=\"true\" class=\"fas fa-award\"><\/i><\/div>\n\t\t\t\t\t\t<\/span>\n\t\t<\/div>\n\t\t\t\t\t\t<\/div>\n\t\t\t\t<\/div>\n\t\t\t\t<div class=\"elementor-element elementor-element-58809fa centered-text-sentence elementor-widget elementor-widget-text-editor\" data-id=\"58809fa\" data-element_type=\"widget\" data-e-type=\"widget\" data-widget_type=\"text-editor.default\">\n\t\t\t\t<div class=\"elementor-widget-container\">\n\t\t\t\t\t\t\t\t\t<p>O Grupo de Empresas B2E \u00e9 liderado por uma equipe de gest\u00e3o de alto n\u00edvel com diversas forma\u00e7\u00f5es profissionais, que v\u00e3o desde Qu\u00edmica e Farm\u00e1cia, Bancos e Finan\u00e7as, Vendas e Marketing, at\u00e9 Engenharia Civil, bem como Moda e Beleza. Com mais de 35 anos de experi\u00eancia empresarial combinada na Am\u00e9rica Latina, \u00c1frica, Oriente M\u00e9dio e \u00c1sia, a equipe traz uma vasta experi\u00eancia para a mesa.\u00a0\u00a0\u00a0\u00a0\u00a0<\/p>\t\t\t\t\t\t\t\t<\/div>\n\t\t\t\t<\/div>\n\t\t\t\t<div class=\"elementor-element elementor-element-6579b47 elementor-widget elementor-widget-spacer\" data-id=\"6579b47\" data-element_type=\"widget\" data-e-type=\"widget\" data-widget_type=\"spacer.default\">\n\t\t\t\t<div class=\"elementor-widget-container\">\n\t\t\t\t\t\t\t<div class=\"elementor-spacer\">\n\t\t\t<div class=\"elementor-spacer-inner\"><\/div>\n\t\t<\/div>\n\t\t\t\t\t\t<\/div>\n\t\t\t\t<\/div>\n\t\t\t\t\t<\/div>\n\t\t<\/div>\n\t\t\t\t\t<\/div>\n\t\t<\/section>\n\t\t\t\t<section class=\"elementor-section elementor-top-section elementor-element elementor-element-4e85433 elementor-section-stretched elementor-section-boxed elementor-section-height-default elementor-section-height-default\" data-id=\"4e85433\" data-element_type=\"section\" data-e-type=\"section\" data-settings=\"{&quot;stretch_section&quot;:&quot;section-stretched&quot;,&quot;background_background&quot;:&quot;classic&quot;}\">\n\t\t\t\t\t\t<div class=\"elementor-container elementor-column-gap-default\">\n\t\t\t\t\t<div class=\"elementor-column elementor-col-50 elementor-top-column elementor-element elementor-element-1efb26d elementor-invisible\" data-id=\"1efb26d\" data-element_type=\"column\" data-e-type=\"column\" data-settings=\"{&quot;background_background&quot;:&quot;classic&quot;,&quot;animation&quot;:&quot;fadeIn&quot;,&quot;animation_delay&quot;:400}\">\n\t\t\t<div class=\"elementor-widget-wrap elementor-element-populated\">\n\t\t\t\t\t\t<div class=\"elementor-element elementor-element-3af11cd elementor-widget elementor-widget-spacer\" data-id=\"3af11cd\" data-element_type=\"widget\" data-e-type=\"widget\" data-widget_type=\"spacer.default\">\n\t\t\t\t<div class=\"elementor-widget-container\">\n\t\t\t\t\t\t\t<div class=\"elementor-spacer\">\n\t\t\t<div class=\"elementor-spacer-inner\"><\/div>\n\t\t<\/div>\n\t\t\t\t\t\t<\/div>\n\t\t\t\t<\/div>\n\t\t\t\t<div class=\"elementor-element elementor-element-b49c332 elementor-widget elementor-widget-image\" data-id=\"b49c332\" data-element_type=\"widget\" data-e-type=\"widget\" data-widget_type=\"image.default\">\n\t\t\t\t<div class=\"elementor-widget-container\">\n\t\t\t\t\t\t\t\t\t\t\t\t\t\t\t<img decoding=\"async\" src=\"https:\/\/brazil2export.com\/wp-content\/uploads\/elementor\/thumbs\/Nazir-ojmsjlpo1f7g8hpot451kupoopqxezfgajq1ir9cuc.jpg\" title=\"Nazir\" alt=\"Nazir\" loading=\"lazy\" \/>\t\t\t\t\t\t\t\t\t\t\t\t\t\t\t<\/div>\n\t\t\t\t<\/div>\n\t\t\t\t<div class=\"elementor-element elementor-element-2b671f4 elementor-widget elementor-widget-heading\" data-id=\"2b671f4\" data-element_type=\"widget\" data-e-type=\"widget\" data-widget_type=\"heading.default\">\n\t\t\t\t<div class=\"elementor-widget-container\">\n\t\t\t\t\t<h2 class=\"elementor-heading-title elementor-size-default\">NAZIR FARRA<\/h2>\t\t\t\t<\/div>\n\t\t\t\t<\/div>\n\t\t\t\t<div class=\"elementor-element elementor-element-6a6e4be elementor-widget elementor-widget-heading\" data-id=\"6a6e4be\" data-element_type=\"widget\" data-e-type=\"widget\" data-widget_type=\"heading.default\">\n\t\t\t\t<div class=\"elementor-widget-container\">\n\t\t\t\t\t<h2 class=\"elementor-heading-title elementor-size-default translation-block\">Co-fundador e diretor administrativo do  <br>\nGrupo de empresas B2E<\/h2>\t\t\t\t<\/div>\n\t\t\t\t<\/div>\n\t\t\t\t<div class=\"elementor-element elementor-element-eab5ed5 elementor-widget elementor-widget-text-editor\" data-id=\"eab5ed5\" data-element_type=\"widget\" data-e-type=\"widget\" data-widget_type=\"text-editor.default\">\n\t\t\t\t<div class=\"elementor-widget-container translation-block\">Nazir fundou a primeira empresa do grupo em dezembro de 2014 e \u00e9 seu diretor-geral desde ent\u00e3o. Com 13 anos de experi\u00eancia como banqueiro de investimentos e corporativo, Nazir atualmente atua como membro do conselho do Grupo B2E Ind. e Com. de Cosm\u00e9ticos (Brasil), Brazil 2 Export Europe (Espanha) e Brazil 2 Export Far East Sdn Bhd (Mal\u00e1sia).\n<br><br>\nEle \u00e9 bacharel em Administra\u00e7\u00e3o de Empresas com \u00eanfase em marketing e possui MBA pela Universidade de Gales, Aberystwyth.<\/div>\n\t\t\t\t<\/div>\n\t\t\t\t<div class=\"elementor-element elementor-element-ce09109 elementor-widget elementor-widget-spacer\" data-id=\"ce09109\" data-element_type=\"widget\" data-e-type=\"widget\" data-widget_type=\"spacer.default\">\n\t\t\t\t<div class=\"elementor-widget-container\">\n\t\t\t\t\t\t\t<div class=\"elementor-spacer\">\n\t\t\t<div class=\"elementor-spacer-inner\"><\/div>\n\t\t<\/div>\n\t\t\t\t\t\t<\/div>\n\t\t\t\t<\/div>\n\t\t\t\t\t<\/div>\n\t\t<\/div>\n\t\t\t\t<div class=\"elementor-column elementor-col-50 elementor-top-column elementor-element elementor-element-94bc4b6 elementor-invisible\" data-id=\"94bc4b6\" data-element_type=\"column\" data-e-type=\"column\" data-settings=\"{&quot;background_background&quot;:&quot;classic&quot;,&quot;animation&quot;:&quot;fadeIn&quot;,&quot;animation_delay&quot;:400}\">\n\t\t\t<div class=\"elementor-widget-wrap elementor-element-populated\">\n\t\t\t\t\t\t<div class=\"elementor-element elementor-element-b3738dd elementor-widget elementor-widget-spacer\" data-id=\"b3738dd\" data-element_type=\"widget\" data-e-type=\"widget\" data-widget_type=\"spacer.default\">\n\t\t\t\t<div class=\"elementor-widget-container\">\n\t\t\t\t\t\t\t<div class=\"elementor-spacer\">\n\t\t\t<div class=\"elementor-spacer-inner\"><\/div>\n\t\t<\/div>\n\t\t\t\t\t\t<\/div>\n\t\t\t\t<\/div>\n\t\t\t\t<div class=\"elementor-element elementor-element-9abce57 elementor-widget elementor-widget-image\" data-id=\"9abce57\" data-element_type=\"widget\" data-e-type=\"widget\" data-widget_type=\"image.default\">\n\t\t\t\t<div class=\"elementor-widget-container\">\n\t\t\t\t\t\t\t\t\t\t\t\t\t\t\t<img decoding=\"async\" src=\"https:\/\/brazil2export.com\/wp-content\/uploads\/elementor\/thumbs\/Nisrine-ojmstztflhfklama4luk58b542j0iiomdzdaivuo1w.jpg\" title=\"Nisrine\" alt=\"Nisrine\" loading=\"lazy\" \/>\t\t\t\t\t\t\t\t\t\t\t\t\t\t\t<\/div>\n\t\t\t\t<\/div>\n\t\t\t\t<div class=\"elementor-element elementor-element-ecfff18 elementor-widget elementor-widget-heading\" data-id=\"ecfff18\" data-element_type=\"widget\" data-e-type=\"widget\" data-widget_type=\"heading.default\">\n\t\t\t\t<div class=\"elementor-widget-container\">\n\t\t\t\t\t<h2 class=\"elementor-heading-title elementor-size-default\">Nisrine El Hazzat <\/h2>\t\t\t\t<\/div>\n\t\t\t\t<\/div>\n\t\t\t\t<div class=\"elementor-element elementor-element-2e3f56b elementor-widget elementor-widget-heading\" data-id=\"2e3f56b\" data-element_type=\"widget\" data-e-type=\"widget\" data-widget_type=\"heading.default\">\n\t\t\t\t<div class=\"elementor-widget-container\">\n\t\t\t\t\t<h2 class=\"elementor-heading-title elementor-size-default translation-block\">Co-fundadora, Diretora Internacional de Vendas do Grupo e Chefe de Pesquisa e Desenvolvimento do\n<br>\nGrupo de Empresas B2E<\/h2>\t\t\t\t<\/div>\n\t\t\t\t<\/div>\n\t\t\t\t<div class=\"elementor-element elementor-element-f3b14c6 elementor-widget elementor-widget-text-editor\" data-id=\"f3b14c6\" data-element_type=\"widget\" data-e-type=\"widget\" data-widget_type=\"text-editor.default\">\n\t\t\t\t<div class=\"elementor-widget-container translation-block\">Nisrine cofundou a primeira empresa do grupo em dezembro de 2014 e \u00e9 diretora de vendas internacionais do grupo desde a sua cria\u00e7\u00e3o. Membro do Conselho do Grupo B2E Ind. e Com. de Cosm\u00e9ticos (Brasil), Brazil 2 Export Europe (Espanha) e Brazil 2 Export Fast East Sdn Bhd (Mal\u00e1sia), ela tamb\u00e9m co-lidera os projetos de Pesquisa e Desenvolvimento do Grupo.\n<br><br>\nEla \u00e9 bacharel em Administra\u00e7\u00e3o de Empresas e atualmente est\u00e1 cursando seu doutorado em Farm\u00e1cia.<\/div>\n\t\t\t\t<\/div>\n\t\t\t\t<div class=\"elementor-element elementor-element-825264b elementor-widget elementor-widget-spacer\" data-id=\"825264b\" data-element_type=\"widget\" data-e-type=\"widget\" data-widget_type=\"spacer.default\">\n\t\t\t\t<div class=\"elementor-widget-container\">\n\t\t\t\t\t\t\t<div class=\"elementor-spacer\">\n\t\t\t<div class=\"elementor-spacer-inner\"><\/div>\n\t\t<\/div>\n\t\t\t\t\t\t<\/div>\n\t\t\t\t<\/div>\n\t\t\t\t\t<\/div>\n\t\t<\/div>\n\t\t\t\t\t<\/div>\n\t\t<\/section>\n\t\t\t\t<section class=\"elementor-section elementor-top-section elementor-element elementor-element-a14a8a8 elementor-section-stretched elementor-section-boxed elementor-section-height-default elementor-section-height-default\" data-id=\"a14a8a8\" data-element_type=\"section\" data-e-type=\"section\" data-settings=\"{&quot;stretch_section&quot;:&quot;section-stretched&quot;,&quot;background_background&quot;:&quot;classic&quot;}\">\n\t\t\t\t\t\t<div class=\"elementor-container elementor-column-gap-default\">\n\t\t\t\t\t<div class=\"elementor-column elementor-col-33 elementor-top-column elementor-element elementor-element-c9ee0e1 elementor-invisible\" data-id=\"c9ee0e1\" data-element_type=\"column\" data-e-type=\"column\" data-settings=\"{&quot;background_background&quot;:&quot;classic&quot;,&quot;animation&quot;:&quot;fadeIn&quot;,&quot;animation_delay&quot;:400}\">\n\t\t\t<div class=\"elementor-widget-wrap elementor-element-populated\">\n\t\t\t\t\t\t<div class=\"elementor-element elementor-element-2f5422d elementor-widget elementor-widget-spacer\" data-id=\"2f5422d\" data-element_type=\"widget\" data-e-type=\"widget\" data-widget_type=\"spacer.default\">\n\t\t\t\t<div class=\"elementor-widget-container\">\n\t\t\t\t\t\t\t<div class=\"elementor-spacer\">\n\t\t\t<div class=\"elementor-spacer-inner\"><\/div>\n\t\t<\/div>\n\t\t\t\t\t\t<\/div>\n\t\t\t\t<\/div>\n\t\t\t\t<div class=\"elementor-element elementor-element-c7ae1e1 elementor-widget elementor-widget-image\" data-id=\"c7ae1e1\" data-element_type=\"widget\" data-e-type=\"widget\" data-widget_type=\"image.default\">\n\t\t\t\t<div class=\"elementor-widget-container\">\n\t\t\t\t\t\t\t\t\t\t\t\t\t\t\t<img decoding=\"async\" src=\"https:\/\/brazil2export.com\/wp-content\/uploads\/elementor\/thumbs\/M-taka-ojmsvcp15wldgilulgrd7v9iqrs6yu9qfr58xx7w22.jpg\" title=\"M-taka\" alt=\"M-taka\" loading=\"lazy\" \/>\t\t\t\t\t\t\t\t\t\t\t\t\t\t\t<\/div>\n\t\t\t\t<\/div>\n\t\t\t\t<div class=\"elementor-element elementor-element-7223c56 elementor-widget elementor-widget-heading\" data-id=\"7223c56\" data-element_type=\"widget\" data-e-type=\"widget\" data-widget_type=\"heading.default\">\n\t\t\t\t<div class=\"elementor-widget-container\">\n\t\t\t\t\t<h2 class=\"elementor-heading-title elementor-size-default\">M TAHA EL CHEIKH TAHA<\/h2>\t\t\t\t<\/div>\n\t\t\t\t<\/div>\n\t\t\t\t<div class=\"elementor-element elementor-element-04c9a87 elementor-widget elementor-widget-heading\" data-id=\"04c9a87\" data-element_type=\"widget\" data-e-type=\"widget\" data-widget_type=\"heading.default\">\n\t\t\t\t<div class=\"elementor-widget-container\">\n\t\t\t\t\t<h2 class=\"elementor-heading-title elementor-size-default translation-block\">Membro do Conselho e Auditor do <br>\nGrupo de Empresas B2E<\/h2>\t\t\t\t<\/div>\n\t\t\t\t<\/div>\n\t\t\t\t<div class=\"elementor-element elementor-element-771ad79 elementor-hidden-mobile elementor-widget elementor-widget-spacer\" data-id=\"771ad79\" data-element_type=\"widget\" data-e-type=\"widget\" data-widget_type=\"spacer.default\">\n\t\t\t\t<div class=\"elementor-widget-container\">\n\t\t\t\t\t\t\t<div class=\"elementor-spacer\">\n\t\t\t<div class=\"elementor-spacer-inner\"><\/div>\n\t\t<\/div>\n\t\t\t\t\t\t<\/div>\n\t\t\t\t<\/div>\n\t\t\t\t<div class=\"elementor-element elementor-element-eed4a08 elementor-widget elementor-widget-text-editor\" data-id=\"eed4a08\" data-element_type=\"widget\" data-e-type=\"widget\" data-widget_type=\"text-editor.default\">\n\t\t\t\t<div class=\"elementor-widget-container translation-block\">Taha tem mais de 20 anos de experi\u00eancia em Engenharia Civil e est\u00e1 no Folcra Beach Group desde 1999. Ele tamb\u00e9m \u00e9 membro do Conselho do Grupo B2E Ind. e Com. de Cosm\u00e9ticos (Brasil), Brazil2Export Europe (Espanha) e diretor administrativo da B2E Industrial Egypt.\n<br><br>\n\u00c9 licenciado em Engenharia Civil pela Faculdade de Engenharia da LAU.<\/div>\n\t\t\t\t<\/div>\n\t\t\t\t<div class=\"elementor-element elementor-element-af19fb4 elementor-widget elementor-widget-spacer\" data-id=\"af19fb4\" data-element_type=\"widget\" data-e-type=\"widget\" data-widget_type=\"spacer.default\">\n\t\t\t\t<div class=\"elementor-widget-container\">\n\t\t\t\t\t\t\t<div class=\"elementor-spacer\">\n\t\t\t<div class=\"elementor-spacer-inner\"><\/div>\n\t\t<\/div>\n\t\t\t\t\t\t<\/div>\n\t\t\t\t<\/div>\n\t\t\t\t\t<\/div>\n\t\t<\/div>\n\t\t\t\t<div class=\"elementor-column elementor-col-33 elementor-top-column elementor-element elementor-element-7d67728 elementor-invisible\" data-id=\"7d67728\" data-element_type=\"column\" data-e-type=\"column\" data-settings=\"{&quot;background_background&quot;:&quot;classic&quot;,&quot;animation&quot;:&quot;fadeIn&quot;,&quot;animation_delay&quot;:400}\">\n\t\t\t<div class=\"elementor-widget-wrap elementor-element-populated\">\n\t\t\t\t\t\t<div class=\"elementor-element elementor-element-0e14eb4 elementor-widget elementor-widget-spacer\" data-id=\"0e14eb4\" data-element_type=\"widget\" data-e-type=\"widget\" data-widget_type=\"spacer.default\">\n\t\t\t\t<div class=\"elementor-widget-container\">\n\t\t\t\t\t\t\t<div class=\"elementor-spacer\">\n\t\t\t<div class=\"elementor-spacer-inner\"><\/div>\n\t\t<\/div>\n\t\t\t\t\t\t<\/div>\n\t\t\t\t<\/div>\n\t\t\t\t<div class=\"elementor-element elementor-element-85db49e elementor-widget elementor-widget-image\" data-id=\"85db49e\" data-element_type=\"widget\" data-e-type=\"widget\" data-widget_type=\"image.default\">\n\t\t\t\t<div class=\"elementor-widget-container\">\n\t\t\t\t\t\t\t\t\t\t\t\t\t\t\t<img decoding=\"async\" src=\"https:\/\/brazil2export.com\/wp-content\/uploads\/elementor\/thumbs\/Mun-ojmsucz5y78h7c1qe1bjl4a064o8ucbxmucspeoumi.jpg\" title=\"Mun\" alt=\"Mun\" loading=\"lazy\" \/>\t\t\t\t\t\t\t\t\t\t\t\t\t\t\t<\/div>\n\t\t\t\t<\/div>\n\t\t\t\t<div class=\"elementor-element elementor-element-a8f50a4 elementor-widget elementor-widget-heading\" data-id=\"a8f50a4\" data-element_type=\"widget\" data-e-type=\"widget\" data-widget_type=\"heading.default\">\n\t\t\t\t<div class=\"elementor-widget-container\">\n\t\t\t\t\t<h2 class=\"elementor-heading-title elementor-size-default\">Chee Hok Mun<\/h2>\t\t\t\t<\/div>\n\t\t\t\t<\/div>\n\t\t\t\t<div class=\"elementor-element elementor-element-98bfb56 elementor-widget elementor-widget-heading\" data-id=\"98bfb56\" data-element_type=\"widget\" data-e-type=\"widget\" data-widget_type=\"heading.default\">\n\t\t\t\t<div class=\"elementor-widget-container\">\n\t\t\t\t\t<h2 class=\"elementor-heading-title elementor-size-default translation-block\">Consultor t\u00e9cnico e de desenvolvimento de neg\u00f3cios da <br>\nB2E Cosmetics Far East Sdn Bhd <br>Mal\u00e1sia<\/h2>\t\t\t\t<\/div>\n\t\t\t\t<\/div>\n\t\t\t\t<div class=\"elementor-element elementor-element-9f6d575 elementor-widget elementor-widget-text-editor\" data-id=\"9f6d575\" data-element_type=\"widget\" data-e-type=\"widget\" data-widget_type=\"text-editor.default\">\n\t\t\t\t<div class=\"elementor-widget-container translation-block\">A carreira de Mun se estende por mais de quatro d\u00e9cadas, come\u00e7ando como diretor de moda de uma grande loja de departamentos em Cingapura, passando posteriormente a organizar eventos de beleza e moda, al\u00e9m de prestar consultoria de varejo e marketing para v\u00e1rias marcas de beleza e moda em toda a \u00c1sia.\n<br><br>\nEle \u00e9 bacharel em Ci\u00eancias Aplicadas, Design de Moda e Merchandising pela Universidade do Hava\u00ed em Manoa e bacharel em Merchandising e Design de Moda pelo Fashion Institute of Technology, em Nova York.<\/div>\n\t\t\t\t<\/div>\n\t\t\t\t<div class=\"elementor-element elementor-element-c3e67b0 elementor-widget elementor-widget-spacer\" data-id=\"c3e67b0\" data-element_type=\"widget\" data-e-type=\"widget\" data-widget_type=\"spacer.default\">\n\t\t\t\t<div class=\"elementor-widget-container\">\n\t\t\t\t\t\t\t<div class=\"elementor-spacer\">\n\t\t\t<div class=\"elementor-spacer-inner\"><\/div>\n\t\t<\/div>\n\t\t\t\t\t\t<\/div>\n\t\t\t\t<\/div>\n\t\t\t\t\t<\/div>\n\t\t<\/div>\n\t\t\t\t<div class=\"elementor-column elementor-col-33 elementor-top-column elementor-element elementor-element-f98a6ca elementor-invisible\" data-id=\"f98a6ca\" data-element_type=\"column\" data-e-type=\"column\" data-settings=\"{&quot;background_background&quot;:&quot;classic&quot;,&quot;animation&quot;:&quot;fadeIn&quot;,&quot;animation_delay&quot;:400}\">\n\t\t\t<div class=\"elementor-widget-wrap elementor-element-populated\">\n\t\t\t\t\t\t<div class=\"elementor-element elementor-element-48eb98c elementor-widget elementor-widget-spacer\" data-id=\"48eb98c\" data-element_type=\"widget\" data-e-type=\"widget\" data-widget_type=\"spacer.default\">\n\t\t\t\t<div class=\"elementor-widget-container\">\n\t\t\t\t\t\t\t<div class=\"elementor-spacer\">\n\t\t\t<div class=\"elementor-spacer-inner\"><\/div>\n\t\t<\/div>\n\t\t\t\t\t\t<\/div>\n\t\t\t\t<\/div>\n\t\t\t\t<div class=\"elementor-element elementor-element-b0a9da8 elementor-widget elementor-widget-image\" data-id=\"b0a9da8\" data-element_type=\"widget\" data-e-type=\"widget\" data-widget_type=\"image.default\">\n\t\t\t\t<div class=\"elementor-widget-container\">\n\t\t\t\t\t\t\t\t\t\t\t\t\t\t\t<img decoding=\"async\" src=\"https:\/\/brazil2export.com\/wp-content\/uploads\/elementor\/thumbs\/Loai-orp0nygt3hchdmfyfnzgp56kht72vazzjwjb6ng6bu.jpg\" title=\"Loai\" alt=\"Loai\" loading=\"lazy\" \/>\t\t\t\t\t\t\t\t\t\t\t\t\t\t\t<\/div>\n\t\t\t\t<\/div>\n\t\t\t\t<div class=\"elementor-element elementor-element-a7da96e elementor-widget elementor-widget-heading\" data-id=\"a7da96e\" data-element_type=\"widget\" data-e-type=\"widget\" data-widget_type=\"heading.default\">\n\t\t\t\t<div class=\"elementor-widget-container\">\n\t\t\t\t\t<h2 class=\"elementor-heading-title elementor-size-default\">Loai Jazerily<\/h2>\t\t\t\t<\/div>\n\t\t\t\t<\/div>\n\t\t\t\t<div class=\"elementor-element elementor-element-cbf3a5b elementor-widget elementor-widget-heading\" data-id=\"cbf3a5b\" data-element_type=\"widget\" data-e-type=\"widget\" data-widget_type=\"heading.default\">\n\t\t\t\t<div class=\"elementor-widget-container\">\n\t\t\t\t\t<h2 class=\"elementor-heading-title elementor-size-default translation-block\">Gerente Executivo \u2013 Desenvolvimento de Neg\u00f3cios da <br>\nB2E Cosmetics Far East Sdn Bhd <br>Mal\u00e1sia<\/h2>\t\t\t\t<\/div>\n\t\t\t\t<\/div>\n\t\t\t\t<div class=\"elementor-element elementor-element-dad14aa elementor-widget elementor-widget-text-editor\" data-id=\"dad14aa\" data-element_type=\"widget\" data-e-type=\"widget\" data-widget_type=\"text-editor.default\">\n\t\t\t\t<div class=\"elementor-widget-container translation-block\">Com sede no centro da B2E no Extremo Oriente, em Kuala Lumpur, Loai lidera os neg\u00f3cios e o desenvolvimento regional da empresa na Mal\u00e1sia. Membro do Conselho de Administra\u00e7\u00e3o da B2E Cosmetics Far East Sdn Bhd (Mal\u00e1sia), ele tem mais de 10 anos de experi\u00eancia em vendas e marketing, tendo trabalhado como gerente de vendas em Kuala Lumpur desde 2010.\n<br><br>\nEle \u00e9 bacharel em Sistemas de Informa\u00e7\u00e3o Computacional pela Universidade de Am\u00e3, na Jord\u00e2nia, e possui MBA pela Universidade de Bangalore, na \u00cdndia.<\/div>\n\t\t\t\t<\/div>\n\t\t\t\t<div class=\"elementor-element elementor-element-9883ed3 elementor-widget elementor-widget-spacer\" data-id=\"9883ed3\" data-element_type=\"widget\" data-e-type=\"widget\" data-widget_type=\"spacer.default\">\n\t\t\t\t<div class=\"elementor-widget-container\">\n\t\t\t\t\t\t\t<div class=\"elementor-spacer\">\n\t\t\t<div class=\"elementor-spacer-inner\"><\/div>\n\t\t<\/div>\n\t\t\t\t\t\t<\/div>\n\t\t\t\t<\/div>\n\t\t\t\t\t<\/div>\n\t\t<\/div>\n\t\t\t\t\t<\/div>\n\t\t<\/section>\n\t\t\t\t<\/div>","protected":false},"excerpt":{"rendered":"<p>MANAGING PARTNERS The B2E Group of Companies are led by a top management team with diverse professional backgrounds, ranging from Chemistry and Pharmacy, Banking and Finance, Sales and Marketing, to Civil Engineering, as well as Fashion and Beauty. With more than 35 years of combined business experience across Latin America, Africa, Middle East and Asia, [&hellip;]<\/p>\n","protected":false},"author":1,"featured_media":230,"parent":0,"menu_order":0,"comment_status":"closed","ping_status":"closed","template":"","meta":{"footnotes":""},"class_list":["post-3981","page","type-page","status-publish","has-post-thumbnail","hentry"],"amp_enabled":true,"_links":{"self":[{"href":"https:\/\/brazil2export.com\/pt\/wp-json\/wp\/v2\/pages\/3981","targetHints":{"allow":["GET"]}}],"collection":[{"href":"https:\/\/brazil2export.com\/pt\/wp-json\/wp\/v2\/pages"}],"about":[{"href":"https:\/\/brazil2export.com\/pt\/wp-json\/wp\/v2\/types\/page"}],"author":[{"embeddable":true,"href":"https:\/\/brazil2export.com\/pt\/wp-json\/wp\/v2\/users\/1"}],"replies":[{"embeddable":true,"href":"https:\/\/brazil2export.com\/pt\/wp-json\/wp\/v2\/comments?post=3981"}],"version-history":[{"count":104,"href":"https:\/\/brazil2export.com\/pt\/wp-json\/wp\/v2\/pages\/3981\/revisions"}],"predecessor-version":[{"id":7629,"href":"https:\/\/brazil2export.com\/pt\/wp-json\/wp\/v2\/pages\/3981\/revisions\/7629"}],"wp:featuredmedia":[{"embeddable":true,"href":"https:\/\/brazil2export.com\/pt\/wp-json\/wp\/v2\/media\/230"}],"wp:attachment":[{"href":"https:\/\/brazil2export.com\/pt\/wp-json\/wp\/v2\/media?parent=3981"}],"curies":[{"name":"wp","href":"https:\/\/api.w.org\/{rel}","templated":true}]}}